{"id":4336,"date":"2015-08-05T11:05:28","date_gmt":"2015-08-05T09:05:28","guid":{"rendered":"https:\/\/www.philippesauvage.org\/?page_id=4336"},"modified":"2025-05-17T11:21:26","modified_gmt":"2025-05-17T09:21:26","slug":"enseignement-2","status":"publish","type":"page","link":"https:\/\/www.philippesauvage.org\/?page_id=4336","title":{"rendered":"Vid\u00e9os"},"content":{"rendered":"<p><\/p>\n\n<!-- wp:themify-builder\/canvas \/-->","protected":false},"excerpt":{"rendered":"","protected":false},"author":1,"featured_media":0,"parent":0,"menu_order":5,"comment_status":"closed","ping_status":"closed","template":"","meta":{"footnotes":""},"class_list":["post-4336","page","type-page","status-publish","hentry","has-post-title","has-post-date","has-post-category","has-post-tag","has-post-comment","has-post-author",""],"builder_content":"<p>[video width=\\\"712\\\" height=\\\"574\\\" poster=\\\"https:\/\/www.philippesauvage.org\/wp-content\/uploads\/2021\/10\/20211003VersetsImproVeniCreatorVideoAffiche.jpg\\\" preload=\\\"auto\\\" mp4=\\\"https:\/\/www.philippesauvage.org\/wp-content\/uploads\/2021\/10\/20211003VersetsImproVeniCreator.mp4\\\"][\/video]<\/p>\n<p>\u00a0<\/p> <p>Philippe Sauvage aux grandes orgues de Saint-Pierre-de-Neuilly : versets improvis\u00e9s sur Veni Creator.<\/p> <p>Orgue : Philippe Sauvage.<\/p>\n<p>[video width=\\\"712\\\" height=\\\"574\\\" poster=\\\"https:\/\/www.philippesauvage.org\/wp-content\/uploads\/2019\/03\/videoaffiche20181118centenaireimpor.jpg\\\" preload=\\\"auto\\\" mp4=\\\"https:\/\/www.philippesauvage.org\/wp-content\/uploads\/2019\/03\/video2018improneuilly.mp4\\\"][\/video]<\/p>\n<p>\u00a0<\/p> <p>Grand concert donn\u00e9 \u00e0 l\\'occasion du centenaire de l\\'armistice de 1918 le 18 novembre 2018 en l\\'\u00e9glise Saint Pierre de Neuilly.<\/p> <p>Variations improvis\u00e9es sur l\\'Hymne des Marseillois et l\\'Ode \u00e0 la Joie.<\/p> <p>Orgue : Philippe Sauvage.<\/p>\n<p>[video width=\\\"702\\\" height=\\\"420\\\" poster=\\\"https:\/\/www.philippesauvage.org\/wp-content\/uploads\/2015\/08\/videoaffich2007bonus.jpg\\\" m4v=\\\"https:\/\/www.philippesauvage.org\/wp-content\/uploads\/2015\/08\/video2007bonus.m4v\\\"][\/video]<\/p>\n<p>\u00a0<\/p><p>Inauguration du grand-orgue de Neuilly le premier juin 2007.<\/p><p>D\u00e9couverte de l\\'orgue.<\/p><p>Pr\u00e9sentation de Gilles Cantagrel, \u00e0 l\\'orgue : Philippe Sauvage.<\/p>\n<p>[video width=\\\"712\\\" height=\\\"574\\\" poster=\\\"https:\/\/www.philippesauvage.org\/wp-content\/uploads\/2015\/08\/videoaffich2007impro.jpg\\\" m4v=\\\"https:\/\/www.philippesauvage.org\/wp-content\/uploads\/2015\/08\/video2007impro.m4v\\\"][\/video]<\/p>\n<p>\u00a0<\/p><p>Inauguration du grand-orgue de Neuilly le premier juin 2007.<\/p><p>Improvisation sur deux th\u00e8mes donn\u00e9s par Gilles Cantagrel.<\/p><p>Orgue\u00a0: Philippe Sauvage.<\/p><p>\u00a0<\/p>\n<p>[video width=\\\"1024\\\" height=\\\"572\\\" poster=\\\"https:\/\/www.philippesauvage.org\/wp-content\/uploads\/2015\/08\/videoaffich2007tfrem.jpg\\\" m4v=\\\"https:\/\/www.philippesauvage.org\/wp-content\/uploads\/2015\/08\/video2010paschali.m4v\\\"][\/video]<\/p>\n<p>\u00a0<\/p><p>Concert donn\u00e9 le 7\u00a0novembre 2010 dans le cadre du bicentenaire France-Russie \u00e0 Saint Pierre de Neuilly.<\/p><p>Charles Tournemire (1870-1939).<\/p><p>Choral improvisation sur Victimae paschali laudes.<\/p><p>Orgue\u00a0: Philippe Sauvage.<\/p><p>\u00a0<\/p>\n<p>[video width=\\\"1024\\\" height=\\\"572\\\" poster=\\\"https:\/\/www.philippesauvage.org\/wp-content\/uploads\/2015\/08\/videoaffich2011watermusic.jpg\\\" m4v=\\\"https:\/\/www.philippesauvage.org\/wp-content\/uploads\/2015\/08\/video2011watermusic.m4v\\\"][\/video]<\/p>\n<p>\u00a0<\/p><p>Concert donn\u00e9 le 6\u00a0novembre 2011\u00a0\u00e0 Saint Pierre de Neuilly.<\/p><p>Georg Friedrich Haendel (1685-1759).<\/p><p>Extraits de water music.<\/p><p>Orgue\u00a0: Philippe Sauvage, trompette\u00a0: Christophe Voituron.<\/p><p>\u00a0<\/p>\n<p>[video width=\\\"1024\\\" height=\\\"572\\\" poster=\\\"https:\/\/www.philippesauvage.org\/wp-content\/uploads\/2015\/08\/videoaffich2011litanies.jpg\\\" m4v=\\\"https:\/\/www.philippesauvage.org\/wp-content\/uploads\/2015\/08\/video2011litanies.m4v\\\"][\/video]<\/p>\n<p>\u00a0<\/p><p>Concert donn\u00e9 le\u00a06\u00a0novembre 2011\u00a0\u00e0 Saint Pierre de Neuilly.<\/p><p>Jehan Alain (1911-1940).<\/p><p>Litanies.<\/p><p>Orgue : Philippe Sauvage.<\/p><p>\u00a0<\/p>\n<p>[video width=\\\"1024\\\" height=\\\"572\\\" poster=\\\"https:\/\/www.philippesauvage.org\/wp-content\/uploads\/2015\/08\/videoaffich2011messie.jpg\\\" m4v=\\\"https:\/\/www.philippesauvage.org\/wp-content\/uploads\/2015\/08\/video2011messie.m4v\\\"][\/video]<\/p>\n<p>\u00a0<\/p><p>Concert donn\u00e9 le\u00a06\u00a0novembre 2011\u00a0\u00e0 Saint Pierre de Neuilly.<\/p><p>Georg Friedrich Haendel (1685-1759).<\/p><p>Le Messie - Alleluia.<\/p><p>Orgue\u00a0: Philippe Sauvage, ch\u0153ur\u00a0: petits chanteurs de Sainte Croix (dir. Fran\u00e7ois polgar).<\/p><p>\u00a0<\/p>\n<p>[video width=\\\"720\\\" height=\\\"572\\\" poster=\\\"https:\/\/www.philippesauvage.org\/wp-content\/uploads\/2015\/08\/videoaffich2012hymnealajoie.jpg\\\" m4v=\\\"https:\/\/www.philippesauvage.org\/wp-content\/uploads\/2015\/08\/video2012hymnealajoie.m4v\\\"][\/video]<\/p>\n<p>\u00a0<\/p><p>Concert donn\u00e9 le 11\u00a0novembre 2012 \u00e0 Saint Pierre de Neuilly.<\/p><p>Improvisation sur l\\'hymne \u00e0 la joie (Ludwig von Beethoven).<\/p><p>Orgue\u00a0: Philippe Sauvage (exposition du th\u00e8me \u00e0 la trompette par Christophe Voituron).<\/p>\n<p>[video width=\\\"700\\\" height=\\\"572\\\" poster=\\\"https:\/\/www.philippesauvage.org\/wp-content\/uploads\/2015\/08\/videoaffich2013petralli.jpg\\\" m4v=\\\"https:\/\/www.philippesauvage.org\/wp-content\/uploads\/2015\/08\/video2013petralli.m4v\\\"][\/video]<\/p>\n<p>\u00a0<\/p><p>Concert donn\u00e9 le 17\u00a0novembre 2013 \u00e0 Saint Pierre de Neuilly. Concert donn\u00e9 en hommage \u00e0 Massimo Nosetti.<\/p><p>Vincenzo Antonio Petrali (1832-1889).<\/p><p>Extraits des versets du Gloria (Andante mosso puis Allegro brillante).<\/p><p>Orgue\u00a0: Philippe Sauvage.<\/p>\n<p>[video width=\\\"708\\\" height=\\\"480\\\" poster=\\\"https:\/\/www.philippesauvage.org\/wp-content\/uploads\/2015\/08\/videoaffich2014boellman.jpg\\\" m4v=\\\"https:\/\/www.philippesauvage.org\/wp-content\/uploads\/2015\/08\/video2014boellman.m4v\\\"][\/video]<\/p>\n<p>\u00a0<\/p><p>Concert donn\u00e9 le 16\u00a0novembre 2014 \u00e0 Saint Pierre de Neuilly.<\/p><p>L\u00e9on Bo\u00ebllmann\u00a0(1862-1897).<\/p><p>Toccata.<\/p><p>Orgue\u00a0: Philippe Sauvage.<\/p>\n<p>[video width=\\\"708\\\" height=\\\"480\\\" poster=\\\"https:\/\/www.philippesauvage.org\/wp-content\/uploads\/2015\/08\/videoaffich2014marseillois.jpg\\\" m4v=\\\"https:\/\/www.philippesauvage.org\/wp-content\/uploads\/2015\/08\/video2014marseillois.m4v\\\"][\/video]<\/p>\n<p>\u00a0<\/p><p>Concert donn\u00e9 le 16\u00a0novembre 2014 \u00e0 Saint Pierre de Neuilly.<\/p><p>Claude Balbastre (1724-1799).<\/p><p>Marche des Marseillois et l\\'air de \\\"\u00c7a ira\\\".<\/p><p>Orgue\u00a0: Philippe Sauvage, trompette\u00a0: Christophe Voituron.<\/p>\n<p>[video width=\\\"480\\\" height=\\\"360\\\" poster=\\\"https:\/\/www.philippesauvage.org\/wp-content\/uploads\/2015\/08\/videoaffich20091023choeurenseine.jpg\\\" mp4=\\\"https:\/\/www.philippesauvage.org\/wp-content\/uploads\/2015\/08\/video20091023choeurenseine.mp4\\\"][\/video]<\/p>\n<p>\u00a0<\/p><p>Festival ch\u0153urs en Seine 21 et 22 mars 2009.<\/p>\n<p>[video width=\\\"640\\\" height=\\\"360\\\" poster=\\\"https:\/\/www.philippesauvage.org\/wp-content\/uploads\/2015\/08\/videoaffich20091001stpetersbourg.jpg\\\" mp4=\\\"https:\/\/www.philippesauvage.org\/wp-content\/uploads\/2015\/08\/video20091001stpetersbourg.mp4\\\"][\/video]<\/p>\n<p>\u00a0<\/p><p>Saint Petersbourg (Russie) 1er octobre 2009.<\/p><p>Inauguration de l\\'orgue Kern de la salle de concert du th\u00e9atre Mariinsky.<\/p>","_links":{"self":[{"href":"https:\/\/www.philippesauvage.org\/index.php?rest_route=\/wp\/v2\/pages\/4336","targetHints":{"allow":["GET"]}}],"collection":[{"href":"https:\/\/www.philippesauvage.org\/index.php?rest_route=\/wp\/v2\/pages"}],"about":[{"href":"https:\/\/www.philippesauvage.org\/index.php?rest_route=\/wp\/v2\/types\/page"}],"author":[{"embeddable":true,"href":"https:\/\/www.philippesauvage.org\/index.php?rest_route=\/wp\/v2\/users\/1"}],"replies":[{"embeddable":true,"href":"https:\/\/www.philippesauvage.org\/index.php?rest_route=%2Fwp%2Fv2%2Fcomments&post=4336"}],"version-history":[{"count":61,"href":"https:\/\/www.philippesauvage.org\/index.php?rest_route=\/wp\/v2\/pages\/4336\/revisions"}],"predecessor-version":[{"id":6228,"href":"https:\/\/www.philippesauvage.org\/index.php?rest_route=\/wp\/v2\/pages\/4336\/revisions\/6228"}],"wp:attachment":[{"href":"https:\/\/www.philippesauvage.org\/index.php?rest_route=%2Fwp%2Fv2%2Fmedia&parent=4336"}],"curies":[{"name":"wp","href":"https:\/\/api.w.org\/{rel}","templated":true}]}}