{"id":2633,"date":"2015-07-20T12:39:50","date_gmt":"2015-07-20T10:39:50","guid":{"rendered":"https:\/\/www.philippesauvage.org\/?page_id=2633"},"modified":"2026-03-18T11:46:12","modified_gmt":"2026-03-18T09:46:12","slug":"lenseignement","status":"publish","type":"page","link":"https:\/\/www.philippesauvage.org\/?page_id=2633","title":{"rendered":"Marie-Claire Alain"},"content":{"rendered":"<p><!--themify_builder_static--><img decoding=\"async\" src=\"https:\/\/www.philippesauvage.org\/wp-content\/uploads\/2015\/07\/mca.jpg\" title=\"mca\" alt=\"mca\" \/><\/p>\n<p style=\"text-align: left\">Avant de lui-m\u00eame enseigner aux conservatoires de Puteaux (92) et de Breuillet (91), Philippe Sauvage a eu des professeurs prestigieux, (Claude Terrasse, \u00c9douard Souberbielle, Jacques Tadde\u00ef, Susan Landale).<br \/>C&rsquo;est avec Marie Claire Alain, dont il fut l&rsquo;\u00e9l\u00e8ve, qu&rsquo;il tissa de forts liens emprunts de respect et d&rsquo;admiration pour la plus grande dame de l&rsquo;orgue Fran\u00e7ais. Deux documents illustrent cette relation entre l\u2019\u00e9l\u00e8ve et son professeur\u00a0:<\/p>\n<p>Une lettre de recommandation r\u00e9dig\u00e9e par marie-Claire Alain le 10 f\u00e9vrier 1989 puis l\u2019hommage \u00e9crit par Philippe Sauvage \u00e0 la demande du SNPAMC (Syndicat National Professionnel des Artistes et Musiciens des Cultes) lors du d\u00e9c\u00e8s de Marie-Claire Alain le 26 f\u00e9vrier 2013.<\/p>\n<p><a href=\"https:\/\/www.philippesauvage.org\/?attachment_id=2651\" rel=\"attachment wp-att-2645\"><img loading=\"lazy\" decoding=\"async\" src=\"https:\/\/www.philippesauvage.org\/wp-content\/uploads\/2015\/07\/mcareco-226x300.jpg\" alt=\"\" width=\"809\" height=\"1074\" \/><\/a><\/p>\n<p><a href=\"https:\/\/www.philippesauvage.org\/?attachment_id=2653\" rel=\"attachment wp-att-2653\"><img loading=\"lazy\" decoding=\"async\" src=\"https:\/\/www.philippesauvage.org\/wp-content\/uploads\/2015\/07\/mcahommage.jpg\" alt=\"mcahommage\" width=\"794\" height=\"2254\" \/><\/a><\/p>\n<p><!--\/themify_builder_static--><\/p>\n","protected":false},"excerpt":{"rendered":"<p>Avant de lui-m\u00eame enseigner aux conservatoires de Puteaux (92) et de Breuillet (91), Philippe Sauvage a eu des professeurs prestigieux, (Claude Terrasse, \u00c9douard Souberbielle, Jacques Tadde\u00ef, Susan Landale).C&rsquo;est avec Marie Claire Alain, dont il fut l&rsquo;\u00e9l\u00e8ve, qu&rsquo;il tissa de forts liens emprunts de respect et d&rsquo;admiration pour la plus grande dame de l&rsquo;orgue Fran\u00e7ais. Deux [&hellip;]<\/p>\n","protected":false},"author":1,"featured_media":0,"parent":0,"menu_order":10,"comment_status":"closed","ping_status":"closed","template":"","meta":{"footnotes":""},"class_list":["post-2633","page","type-page","status-publish","hentry","has-post-title","has-post-date","has-post-category","has-post-tag","has-post-comment","has-post-author",""],"builder_content":"<img src=\"https:\/\/www.philippesauvage.org\/wp-content\/uploads\/2015\/07\/mca.jpg\" title=\"mca\" alt=\"mca\" srcset=\"https:\/\/www.philippesauvage.org\/wp-content\/uploads\/2015\/07\/mca.jpg 480w, https:\/\/www.philippesauvage.org\/wp-content\/uploads\/2015\/07\/mca-225x300.jpg 225w\" sizes=\"(max-width: 480px) 100vw, 480px\" \/>\n<p style=\"text-align: left\">Avant de lui-m\u00eame enseigner aux conservatoires de Puteaux (92) et de Breuillet (91), Philippe Sauvage a eu des professeurs prestigieux, (Claude Terrasse, \u00c9douard Souberbielle, Jacques Tadde\u00ef, Susan Landale).<br \/>C\\'est avec Marie Claire Alain, dont il fut l\\'\u00e9l\u00e8ve, qu\\'il tissa de forts liens emprunts de respect et d\\'admiration pour la plus grande dame de l\\'orgue Fran\u00e7ais. Deux documents illustrent cette relation entre l\u2019\u00e9l\u00e8ve et son professeur\u00a0:<\/p><p>Une lettre de recommandation r\u00e9dig\u00e9e par marie-Claire Alain le 10 f\u00e9vrier 1989 puis l\u2019hommage \u00e9crit par Philippe Sauvage \u00e0 la demande du SNPAMC (Syndicat National Professionnel des Artistes et Musiciens des Cultes) lors du d\u00e9c\u00e8s de Marie-Claire Alain le 26 f\u00e9vrier 2013.<\/p>\n\n<p><a href=\"https:\/\/www.philippesauvage.org\/?attachment_id=2651\" rel=\"attachment wp-att-2645\"><img src=\"https:\/\/www.philippesauvage.org\/wp-content\/uploads\/2015\/07\/mcareco-226x300.jpg\" alt=\"\" width=\"809\" height=\"1074\" \/><\/a><\/p>\n<p><a href=\"https:\/\/www.philippesauvage.org\/?attachment_id=2653\" rel=\"attachment wp-att-2653\"><img src=\"https:\/\/www.philippesauvage.org\/wp-content\/uploads\/2015\/07\/mcahommage.jpg\" alt=\"mcahommage\" width=\"794\" height=\"2254\" \/><\/a><\/p>","_links":{"self":[{"href":"https:\/\/www.philippesauvage.org\/index.php?rest_route=\/wp\/v2\/pages\/2633","targetHints":{"allow":["GET"]}}],"collection":[{"href":"https:\/\/www.philippesauvage.org\/index.php?rest_route=\/wp\/v2\/pages"}],"about":[{"href":"https:\/\/www.philippesauvage.org\/index.php?rest_route=\/wp\/v2\/types\/page"}],"author":[{"embeddable":true,"href":"https:\/\/www.philippesauvage.org\/index.php?rest_route=\/wp\/v2\/users\/1"}],"replies":[{"embeddable":true,"href":"https:\/\/www.philippesauvage.org\/index.php?rest_route=%2Fwp%2Fv2%2Fcomments&post=2633"}],"version-history":[{"count":7,"href":"https:\/\/www.philippesauvage.org\/index.php?rest_route=\/wp\/v2\/pages\/2633\/revisions"}],"predecessor-version":[{"id":6370,"href":"https:\/\/www.philippesauvage.org\/index.php?rest_route=\/wp\/v2\/pages\/2633\/revisions\/6370"}],"wp:attachment":[{"href":"https:\/\/www.philippesauvage.org\/index.php?rest_route=%2Fwp%2Fv2%2Fmedia&parent=2633"}],"curies":[{"name":"wp","href":"https:\/\/api.w.org\/{rel}","templated":true}]}}