{"id":2371,"date":"2015-04-06T17:09:24","date_gmt":"2015-04-06T16:09:24","guid":{"rendered":"https:\/\/www.philippesauvage.org\/?page_id=2371"},"modified":"2023-09-12T09:51:53","modified_gmt":"2023-09-12T07:51:53","slug":"nos-prestations","status":"publish","type":"page","link":"https:\/\/www.philippesauvage.org\/?page_id=2371","title":{"rendered":"Nos prestations"},"content":{"rendered":"<h2><span style=\"text-decoration: underline;\">Concerts<\/span><\/h2>\n<ul>\n<li>R\u00e9citals d\u2019orgue\n<ul>\n<li>Tous styles de musique (ancienne, classique, romantique, contemporaine),<\/li>\n<\/ul>\n<\/li>\n<li>Duo orgue et trompette avec concertiste international,<\/li>\n<li>Duo orgue et violon avec concertiste international,<\/li>\n<li>Duo orgue et cor avec concertiste international,<\/li>\n<li>Duo orgue et chant avec concertiste international,<\/li>\n<li>Trio orgue, trompette et chant dans un r\u00e9pertoire vari\u00e9 et \u00e9clectique \u00e9crit sp\u00e9cialement pour cette formation,<\/li>\n<li>Orgue et quintette de cuivres (\u0153uvres classiques et contemporaines \u00e9crites pour cet ensemble),<\/li>\n<li>Orgue et ch\u0153ur tous styles et tous r\u00e9pertoires,<\/li>\n<li>Orgue et orchestre (extrait du r\u00e9pertoire)\u00a0:\n<ul>\n<li>Concerto en sol mineur pour orgue et orchestre de Francis Poulenc,<\/li>\n<li>Concerti pour orgue et orchestre de Georg Friedrich Haendel,<\/li>\n<li>Concerti pour orgue et orchestre de Vivaldi,<\/li>\n<li>Symphonie avec orgue de Camille Saint-Sa\u00ebns.<\/li>\n<\/ul>\n<\/li>\n<\/ul>\n<h2><span style=\"text-decoration: underline;\">C\u00e9l\u00e9brations liturgiques et civiles<\/span><\/h2>\n<ul>\n<li>Mariage,<\/li>\n<li>Bapt\u00eame,<\/li>\n<li>Obs\u00e8ques.<\/li>\n<\/ul>\n<p>Le programme est \u00e0 d\u00e9terminer,<br \/><span style=\"line-height: 1.5;\">D\u00e9placement possible avec un orgue positif num\u00e9rique transportable.<\/span><\/p>\n<h2><span style=\"text-decoration: underline;\">Cours d&rsquo;orgue<\/span><\/h2>\n<p>\u00c0\u00a0\u00e9tudier suivant la demande.<\/p>\n<h3><span style=\"text-decoration: underline;\">Contact<\/span><\/h3>\n<p>Philippe Sauvage<br \/>3 rue de l&rsquo;\u00e9glise<br \/>92200 Neuilly sur Seine<\/p>\n<p>t\u00e9l. : 06 16 34 85 53<br \/><span style=\"line-height: 1.5;\">mail:\u00a0<a href=\"mailto:orgue@philippesauvage.org\">orgue@philippesauvage.org<\/a><\/span><\/p>\n<p>\u00a0<\/p>\n\n<!-- wp:themify-builder\/canvas \/-->","protected":false},"excerpt":{"rendered":"<p>Concerts R\u00e9citals d\u2019orgue Tous styles de musique (ancienne, classique, romantique, contemporaine), Duo orgue et trompette avec concertiste international, Duo orgue et violon avec concertiste international, Duo orgue et cor avec concertiste international, Duo orgue et chant avec concertiste international, Trio orgue, trompette et chant dans un r\u00e9pertoire vari\u00e9 et \u00e9clectique \u00e9crit sp\u00e9cialement pour cette formation, [&hellip;]<\/p>\n","protected":false},"author":1,"featured_media":0,"parent":0,"menu_order":11,"comment_status":"closed","ping_status":"closed","template":"","meta":{"footnotes":""},"class_list":["post-2371","page","type-page","status-publish","hentry","has-post-title","has-post-date","has-post-category","has-post-tag","has-post-comment","has-post-author",""],"builder_content":"","_links":{"self":[{"href":"https:\/\/www.philippesauvage.org\/index.php?rest_route=\/wp\/v2\/pages\/2371","targetHints":{"allow":["GET"]}}],"collection":[{"href":"https:\/\/www.philippesauvage.org\/index.php?rest_route=\/wp\/v2\/pages"}],"about":[{"href":"https:\/\/www.philippesauvage.org\/index.php?rest_route=\/wp\/v2\/types\/page"}],"author":[{"embeddable":true,"href":"https:\/\/www.philippesauvage.org\/index.php?rest_route=\/wp\/v2\/users\/1"}],"replies":[{"embeddable":true,"href":"https:\/\/www.philippesauvage.org\/index.php?rest_route=%2Fwp%2Fv2%2Fcomments&post=2371"}],"version-history":[{"count":8,"href":"https:\/\/www.philippesauvage.org\/index.php?rest_route=\/wp\/v2\/pages\/2371\/revisions"}],"predecessor-version":[{"id":5754,"href":"https:\/\/www.philippesauvage.org\/index.php?rest_route=\/wp\/v2\/pages\/2371\/revisions\/5754"}],"wp:attachment":[{"href":"https:\/\/www.philippesauvage.org\/index.php?rest_route=%2Fwp%2Fv2%2Fmedia&parent=2371"}],"curies":[{"name":"wp","href":"https:\/\/api.w.org\/{rel}","templated":true}]}}