{"id":2355,"date":"2015-04-06T16:30:06","date_gmt":"2015-04-06T15:30:06","guid":{"rendered":"https:\/\/www.philippesauvage.org\/?page_id=2355"},"modified":"2015-09-21T08:18:26","modified_gmt":"2015-09-21T06:18:26","slug":"biographie","status":"publish","type":"page","link":"https:\/\/www.philippesauvage.org\/?page_id=2355","title":{"rendered":"Biographie"},"content":{"rendered":"<div class=\"page\" title=\"Page 1\">\n<p>&nbsp;<\/p>\n<p><a href=\"https:\/\/www.philippesauvage.org\/?attachment_id=2684\"><img loading=\"lazy\" decoding=\"async\" class=\" alignleft wp-image-2684\" title=\"Philippe Sauvage \u00e0 Saint Petersbourg\" src=\"https:\/\/www.philippesauvage.org\/wp-content\/uploads\/2015\/07\/biostpeter-300x225.jpg\" alt=\"\" width=\"300\" height=\"225\" srcset=\"https:\/\/www.philippesauvage.org\/wp-content\/uploads\/2015\/07\/biostpeter-300x225.jpg 300w, https:\/\/www.philippesauvage.org\/wp-content\/uploads\/2015\/07\/biostpeter.jpg 640w\" sizes=\"auto, (max-width: 300px) 100vw, 300px\" \/><\/a><\/p>\n<p>&nbsp;<\/p>\n<p>&nbsp;<\/p>\n<p><strong><span style=\"text-decoration: underline;\">Philippe SAUVAGE\u00a0<\/span><\/strong><\/p>\n<p style=\"text-align: left;\"><strong>N\u00e9 le 20 mars 1956 \u00e0 Paris.<\/strong><\/p>\n<p>&nbsp;<\/p>\n<h1 style=\"text-align: left;\"><strong>\u00a0 \u00a0<\/strong><\/h1>\n<h3 style=\"text-align: left;\"><strong>\u00a0\u00a0<\/strong><\/h3>\n<h3 style=\"text-align: left;\"><\/h3>\n<h3 style=\"text-align: left;\"><strong><span style=\"text-decoration: underline;\">Formation Musicale<\/span><\/strong><\/h3>\n<p>Philippe Sauvage poursuivit des \u00e9tudes musicales de 1971 \u00e0 1978 \u00e0 l&rsquo;Ecole C\u00e9sar Franck de Paris, o\u00f9 il re\u00e7ut l&rsquo;enseignement de <strong>Claude Terrasse<\/strong> puis d&rsquo;<strong><a href=\"https:\/\/fr.wikipedia.org\/wiki\/\u00c9douard_Souberbielle\" target=\"_blank\">Edouard Souberbielle<\/a><\/strong> en formation musicale, \u00e9criture, chant gr\u00e9gorien et orgue.<\/p>\n<ul>\n<li style=\"padding-left: 30px;\">Premier\u00a0Prix d&rsquo;Orgue (niveau : Sup\u00e9rieur) \u00e0 l&rsquo;unanimit\u00e9 au Concours National de la Ville de Paris en 1979,<\/li>\n<li style=\"padding-left: 30px;\">1981-1983 : El\u00e8ve de <a href=\"http:\/\/www.susanlandale.com\" target=\"_blank\"><strong>Susan Landale<\/strong> <\/a>en niveau sup\u00e9rieur puis de <strong><a href=\"https:\/\/fr.wikipedia.org\/wiki\/Marie-Claire_Alain\" target=\"_blank\">Marie Claire Alain<\/a><\/strong> en niveau excellence au CNR de Rueil Malmaison o\u00f9 il obtient plusieurs r\u00e9compenses,<\/li>\n<li style=\"padding-left: 30px;\">El\u00e8ve de <strong><a href=\"https:\/\/fr.wikipedia.org\/wiki\/Jacques_Taddei\" target=\"_blank\">Jacques Tadde\u00ef<\/a><\/strong> pour l&rsquo;improvisation \u00e0 l&rsquo;orgue,<\/li>\n<li style=\"padding-left: 30px;\">Carte Professionnelle d&rsquo;organiste de grand-orgue pour la Zone Apostolique de Paris,<\/li>\n<li style=\"padding-left: 30px;\">Grade de professeur hors classe d&rsquo;enseignement artistique (discipline orgue).<\/li>\n<\/ul>\n<h3><span style=\"text-decoration: underline;\">Situation Actuelle<\/span><\/h3>\n<p style=\"padding-left: 30px;\">Titulaire du grand-orgue Cavaill\u00e9-coll (3 claviers, 58 jeux) de <a href=\"http:\/\/www.orgue-neuilly.org\" target=\"_blank\">Saint Pierre de Neuilly sur Seine<\/a> (92) depuis 1989, prenant la succession de <strong>Lo\u00efc Malli\u00e9<\/strong> puis de <strong>Jean-Claude Henry<\/strong>.<\/p>\n<h3 class=\"layoutArea\"><span style=\"text-decoration: underline;\">Concertiste depuis 1972<\/span><\/h3>\n<h4 class=\"layoutArea\" style=\"padding-left: 30px;\">Concertiste national<\/h4>\n<ul>\n<li class=\"layoutArea\">\u00c0\u00a0Paris : cath\u00e9drale Notre-Dame, St Thomas d&rsquo;Aquin, St Germain l&rsquo;Auxerrois, St Louis d&rsquo;Antin, St S\u00e9verin, La Madeleine, St Roch\u2026<\/li>\n<li class=\"layoutArea\">En province : lors de nombreux festivals (Festival de Chartres, de Champagne, des Trois Chapelles, des For\u00eats, de l&rsquo;Ile Saint Louis\u2026).<\/li>\n<\/ul>\n<p style=\"padding-left: 30px;\">A ce jour, plus de 600 concerts en soliste, duo (orgue &amp; trompette, orgue &amp; voix) ou formation de chambre ou orchestre (ensemble \u00ab A Sei Voci \u00bb, orchestre Harmonia Nova, Ensemble de Cuivres de Paris, Magnifica, orchestre Colonne\u2026), festival de l&rsquo;Orne\u2026<\/p>\n<h4 style=\"padding-left: 30px;\">Concertiste international<\/h4>\n<ul>\n<li>Angleterre, Malte, Allemagne, Pays-Bas, USA (Baltimore)\u2026,<\/li>\n<li>En octobre 2009 , inauguration de l&rsquo;orgue \u00ab Kern \u00bb du th\u00e9\u00e2tre Mariinsky de St P\u00e9tersbourg (Russie),<\/li>\n<li>R\u00e9citals au Japon (Tokyo et Kamakura) en 2013,<\/li>\n<li>R\u00e9citals en Allemagne du nord, du centre et de l&rsquo;est en 2010, 2012 et 2014\u2026<\/li>\n<\/ul>\n<h3><span style=\"text-decoration: underline;\">Autres Activit\u00e9s<\/span><\/h3>\n<ul>\n<li>Participation \u00e0 des \u00e9missions publiques de Radio France (France Musique),<\/li>\n<li>Membre de la SACEM, enregistrement de CD diff\u00e9rents dont le dernier publi\u00e9 (Hortus) a \u00e9t\u00e9 prim\u00e9,<\/li>\n<li>Composition de musique de films pour le d\u00e9partement de l&rsquo;Aisne (02) : \u00ab Nature \u00bb\u2026,<\/li>\n<li>Participation \u00e0 l&rsquo;enregistrement de musique de films\u00a0: \u00ab La Neige et le Feu \u00bb de Claude Pinoteau,<\/li>\n<li>Organisation de voyages \u00e0 la d\u00e9couverte des orgues en France et Allemagne.<\/li>\n<\/ul>\n<h3><span style=\"text-decoration: underline;\">Situation P\u00e9dagogique<\/span><\/h3>\n<ul>\n<li>Professeur titulaire hors classe d&rsquo;enseignement artistique (discipline orgue) \u00e0 temps complet (16h) au conservatoire de Puteaux (92),<\/li>\n<li>Professeur d&rsquo;orgue au conservatoire agr\u00e9\u00e9 de Breuillet (91),<\/li>\n<li>Participation \u00e0 l&rsquo;op\u00e9ration \u00ab Essonne les Orgues &#8211; Adiam 91 \u00bb,<\/li>\n<li>Membre de commission d&rsquo;examen de la F.E.M. (organisation de concours r\u00e9gionaux d&rsquo;Ile de France),<\/li>\n<li>Animateur de la commission dioc\u00e9saine des orgues du d\u00e9partement des Hauts de Seine,<\/li>\n<li>Membre du jury du concours international d&rsquo;orgue \u00ab cavaill\u00e9-coll \u00bb 2016.<\/li>\n<\/ul>\n<h3><span style=\"text-decoration: underline;\">Qualifications G\u00e9n\u00e9rales<\/span><\/h3>\n<ul>\n<li>Baccalaur\u00e9at : lettres classiques,<\/li>\n<li>Ma\u00eetrise de Droit Public,<\/li>\n<li>Anglais \u00e9crit et parl\u00e9.<\/li>\n<\/ul>\n<h3><span style=\"text-decoration: underline;\">Contact<\/span><\/h3>\n<p>Philippe Sauvage<br \/>\n65 Avenue Pierre Grenier<br \/>\n<span style=\"line-height: 1.5;\">92100 Boulogne<\/span><\/p>\n<p>t\u00e9l. : 06 16 34 85 53<br \/>\n<span style=\"line-height: 1.5;\">mail: <a href=\"mailto:orgue@philippesauvage.org\">orgue@philippesauvage.org<\/a><br \/>\n<\/span><span style=\"line-height: 1.5;\">web : <a href=\"https:\/\/www.philippesauvage.org\">www.philippesauvage.org<br \/>\n<\/a><\/span>wikip\u00e9dia\u00a0:\u00a0<a href=\"https:\/\/fr.wikipedia.org\/wiki\/Philippe_Sauvage\" target=\"_blank\">fr.wikipedia.org\/wiki\/Philippe_Sauvage<\/a><\/p>\n<\/div>\n<div class=\"page\" title=\"Page 1\"><\/div>\n","protected":false},"excerpt":{"rendered":"<p>&nbsp; &nbsp; &nbsp; Philippe SAUVAGE\u00a0 N\u00e9 le 20 mars 1956 \u00e0 Paris. &nbsp; \u00a0 \u00a0 \u00a0\u00a0 Formation Musicale Philippe Sauvage poursuivit des \u00e9tudes musicales de 1971 \u00e0 1978 \u00e0 l&rsquo;Ecole C\u00e9sar Franck de Paris, o\u00f9 il re\u00e7ut l&rsquo;enseignement de Claude Terrasse puis d&rsquo;Edouard Souberbielle en formation musicale, \u00e9criture, chant gr\u00e9gorien et orgue. Premier\u00a0Prix d&rsquo;Orgue (niveau [&hellip;]<\/p>\n","protected":false},"author":1,"featured_media":0,"parent":0,"menu_order":2,"comment_status":"closed","ping_status":"closed","template":"","meta":{"footnotes":""},"class_list":["post-2355","page","type-page","status-publish","hentry","has-post-title","has-post-date","has-post-category","has-post-tag","has-post-comment","has-post-author",""],"builder_content":"","_links":{"self":[{"href":"https:\/\/www.philippesauvage.org\/index.php?rest_route=\/wp\/v2\/pages\/2355","targetHints":{"allow":["GET"]}}],"collection":[{"href":"https:\/\/www.philippesauvage.org\/index.php?rest_route=\/wp\/v2\/pages"}],"about":[{"href":"https:\/\/www.philippesauvage.org\/index.php?rest_route=\/wp\/v2\/types\/page"}],"author":[{"embeddable":true,"href":"https:\/\/www.philippesauvage.org\/index.php?rest_route=\/wp\/v2\/users\/1"}],"replies":[{"embeddable":true,"href":"https:\/\/www.philippesauvage.org\/index.php?rest_route=%2Fwp%2Fv2%2Fcomments&post=2355"}],"version-history":[{"count":23,"href":"https:\/\/www.philippesauvage.org\/index.php?rest_route=\/wp\/v2\/pages\/2355\/revisions"}],"predecessor-version":[{"id":4396,"href":"https:\/\/www.philippesauvage.org\/index.php?rest_route=\/wp\/v2\/pages\/2355\/revisions\/4396"}],"wp:attachment":[{"href":"https:\/\/www.philippesauvage.org\/index.php?rest_route=%2Fwp%2Fv2%2Fmedia&parent=2355"}],"curies":[{"name":"wp","href":"https:\/\/api.w.org\/{rel}","templated":true}]}}